{"id":3,"date":"2021-10-07T21:55:43","date_gmt":"2021-10-07T21:55:43","guid":{"rendered":"https:\/\/molinosvesga.com\/?page_id=3"},"modified":"2024-02-24T19:40:52","modified_gmt":"2024-02-25T00:40:52","slug":"politica-privacidad","status":"publish","type":"page","link":"https:\/\/molinosvesga.com\/en\/politica-privacidad\/","title":{"rendered":"Pol\u00edtica de privacidad"},"content":{"rendered":"<div data-elementor-type=\"wp-page\" data-elementor-id=\"3\" class=\"elementor elementor-3\" data-elementor-post-type=\"page\">\n\t\t\t\t\t\t<section class=\"elementor-section elementor-top-section elementor-element elementor-element-66156a9f elementor-section-stretched elementor-section-boxed elementor-section-height-default elementor-section-height-default\" data-id=\"66156a9f\" data-element_type=\"section\" data-settings=\"{&quot;stretch_section&quot;:&quot;section-stretched&quot;,&quot;background_background&quot;:&quot;classic&quot;}\">\n\t\t\t\t\t\t<div class=\"elementor-container elementor-column-gap-default\">\n\t\t\t\t\t<div class=\"elementor-column elementor-col-100 elementor-top-column elementor-element elementor-element-1b69c9c7\" data-id=\"1b69c9c7\" data-element_type=\"column\">\n\t\t\t<div class=\"elementor-widget-wrap elementor-element-populated\">\n\t\t\t\t\t\t<div class=\"elementor-element elementor-element-5a0e0b48 elementor-widget elementor-widget-text-editor\" data-id=\"5a0e0b48\" data-element_type=\"widget\" data-widget_type=\"text-editor.default\">\n\t\t\t\t<div class=\"elementor-widget-container\">\n\t\t\t\t\t\t\t<p><!-- wp:heading --><\/p>\n<p>MOLINOS VESGA SAS ZOMAC (\u00abnosotros\u00bb, \u00abnuestro\u00bb o \u00abMOLINOS VESGA\u00bb) se compromete a proteger la privacidad de la informaci\u00f3n personal que usted pueda proporcionar mientras navega por nuestro sitio web molinosvesga.com (el \u00abSitio\u00bb). Esta Pol\u00edtica de Privacidad describe c\u00f3mo recopilamos, utilizamos y protegemos la informaci\u00f3n personal que usted nos proporciona a trav\u00e9s del Sitio. Al utilizar el Sitio, usted acepta los t\u00e9rminos y condiciones de esta Pol\u00edtica de Privacidad.<\/p>\n<p><strong>Recopilaci\u00f3n de Informaci\u00f3n Personal<\/strong><\/p>\n<p>Podemos recopilar informaci\u00f3n personal que usted nos proporcione voluntariamente cuando interact\u00faa con el Sitio, como al completar formularios de contacto, realizar compras o suscribirse a nuestro bolet\u00edn informativo. La informaci\u00f3n personal que podemos recopilar incluye, entre otros, su nombre, direcci\u00f3n de correo electr\u00f3nico, direcci\u00f3n postal, n\u00famero de tel\u00e9fono y otra informaci\u00f3n que pueda ser necesaria para brindarle nuestros servicios.<\/p>\n<p><strong>Uso de la Informaci\u00f3n Personal<\/strong><\/p>\n<p>La informaci\u00f3n personal que recopilamos puede ser utilizada para los siguientes prop\u00f3sitos:<\/p>\n<ul>\n<li>Procesar sus pedidos y proporcionarle los productos o servicios que solicite.<\/li>\n<li>Responder a sus consultas y proporcionarle asistencia al cliente.<\/li>\n<li>Enviarle comunicaciones de marketing sobre nuestros productos, ofertas especiales u otros eventos que puedan ser de su inter\u00e9s.<\/li>\n<li>Mejorar y personalizar su experiencia en nuestro Sitio.<\/li>\n<li>Cumplir con requisitos legales y regulatorios.<br><\/li>\n<\/ul><div><br><\/div>\n<p><strong>Divulgaci\u00f3n de Informaci\u00f3n Personal<\/strong><\/p>\n<p>No venderemos, alquilaremos ni compartiremos su informaci\u00f3n personal con terceros, excepto en las siguientes circunstancias:<\/p>\n<ul>\n<li>Con su consentimiento expl\u00edcito.<\/li>\n<li>Cuando sea necesario para proporcionarle los productos o servicios que haya solicitado.<\/li>\n<li>Cuando est\u00e9 requerido por ley o en respuesta a procesos legales.<\/li>\n<li>Para proteger y defender nuestros derechos o propiedad.<\/li>\n<\/ul><div><br><\/div>\n<p><strong>Seguridad de la Informaci\u00f3n<\/strong><\/p>\n<p>Implementamos medidas de seguridad razonables para proteger la informaci\u00f3n personal que recopilamos y mantenemos. Sin embargo, no podemos garantizar la seguridad absoluta de la informaci\u00f3n transmitida a trav\u00e9s de Internet o almacenada en nuestros sistemas.<\/p>\n<p><strong>Enlaces a Otros Sitios Web<\/strong><\/p>\n<p>Nuestro Sitio puede contener enlaces a otros sitios web que no son operados por nosotros. No somos responsables de las pr\u00e1cticas de privacidad o el contenido de dichos sitios web. Le recomendamos que revise las pol\u00edticas de privacidad de esos sitios web antes de proporcionarles cualquier informaci\u00f3n personal.<\/p>\n<p><strong>Cambios en esta Pol\u00edtica de Privacidad<\/strong><\/p>\n<p>Nos reservamos el derecho de actualizar esta Pol\u00edtica de Privacidad en cualquier momento. Se publicar\u00e1 una versi\u00f3n actualizada en el Sitio con la fecha de revisi\u00f3n indicada. Le recomendamos que revise peri\u00f3dicamente esta Pol\u00edtica de Privacidad para estar informado sobre c\u00f3mo protegemos la informaci\u00f3n personal que recopilamos.<\/p>\n<p><strong>Contacto<\/strong><\/p>\n<p>Si tiene alguna pregunta sobre esta Pol\u00edtica de Privacidad o sobre nuestras pr\u00e1cticas de privacidad, puede contactarnos a trav\u00e9s de contacto@molinosvesga.com o por correo postal a la siguiente direcci\u00f3n:<\/p>\n<p><strong><br>MOLINOS VESGA SAS ZOMAC&nbsp;<\/strong><\/p>\n<p><strong>Direcci\u00f3n<\/strong><br>CARRERA 15 # 0-37 Aguachica, Cesar<br>Km 2 V\u00eda Aguazul &#8211; Yopal, Casanare<\/p>\n<p><strong>L\u00edneas de atenci\u00f3n<\/strong><br>+57 302 457 4382<br>01 8000 189 843<\/p>\n<p><!-- \/wp:paragraph --><\/p>\t\t\t\t\t\t<\/div>\n\t\t\t\t<\/div>\n\t\t\t\t\t<\/div>\n\t\t<\/div>\n\t\t\t\t\t<\/div>\n\t\t<\/section>\n\t\t\t\t<\/div>","protected":false},"excerpt":{"rendered":"<p>MOLINOS VESGA SAS ZOMAC (\u00abnosotros\u00bb, \u00abnuestro\u00bb o \u00abMOLINOS VESGA\u00bb) se compromete a proteger la privacidad de la informaci\u00f3n personal que usted pueda proporcionar mientras navega por nuestro sitio web molinosvesga.com (el \u00abSitio\u00bb). Esta Pol\u00edtica de Privacidad describe c\u00f3mo recopilamos, utilizamos y protegemos la informaci\u00f3n personal que usted nos proporciona a trav\u00e9s del Sitio. Al utilizar [&hellip;]<\/p>","protected":false},"author":1,"featured_media":0,"parent":0,"menu_order":0,"comment_status":"closed","ping_status":"closed","template":"","meta":{"footnotes":""},"yst_prominent_words":[],"_links":{"self":[{"href":"https:\/\/molinosvesga.com\/en\/wp-json\/wp\/v2\/pages\/3"}],"collection":[{"href":"https:\/\/molinosvesga.com\/en\/wp-json\/wp\/v2\/pages"}],"about":[{"href":"https:\/\/molinosvesga.com\/en\/wp-json\/wp\/v2\/types\/page"}],"author":[{"embeddable":true,"href":"https:\/\/molinosvesga.com\/en\/wp-json\/wp\/v2\/users\/1"}],"replies":[{"embeddable":true,"href":"https:\/\/molinosvesga.com\/en\/wp-json\/wp\/v2\/comments?post=3"}],"version-history":[{"count":7,"href":"https:\/\/molinosvesga.com\/en\/wp-json\/wp\/v2\/pages\/3\/revisions"}],"predecessor-version":[{"id":590,"href":"https:\/\/molinosvesga.com\/en\/wp-json\/wp\/v2\/pages\/3\/revisions\/590"}],"wp:attachment":[{"href":"https:\/\/molinosvesga.com\/en\/wp-json\/wp\/v2\/media?parent=3"}],"wp:term":[{"taxonomy":"yst_prominent_words","embeddable":true,"href":"https:\/\/molinosvesga.com\/en\/wp-json\/wp\/v2\/yst_prominent_words?post=3"}],"curies":[{"name":"wp","href":"https:\/\/api.w.org\/{rel}","templated":true}]}}