{"id":542,"date":"2024-02-23T13:06:20","date_gmt":"2024-02-23T18:06:20","guid":{"rendered":"https:\/\/molinosvesga.com\/?page_id=542"},"modified":"2024-03-11T14:52:44","modified_gmt":"2024-03-11T19:52:44","slug":"vesga-transporte","status":"publish","type":"page","link":"https:\/\/molinosvesga.com\/en\/vesga-transporte\/","title":{"rendered":"Vesga Transporte"},"content":{"rendered":"<div data-elementor-type=\"wp-page\" data-elementor-id=\"542\" class=\"elementor elementor-542\" data-elementor-post-type=\"page\">\n\t\t\t\t\t\t<section class=\"elementor-section elementor-top-section elementor-element elementor-element-ef52367 elementor-section-boxed elementor-section-height-default elementor-section-height-default\" data-id=\"ef52367\" data-element_type=\"section\">\n\t\t\t\t\t\t<div class=\"elementor-container elementor-column-gap-default\">\n\t\t\t\t\t<div class=\"elementor-column elementor-col-50 elementor-top-column elementor-element elementor-element-545daf5\" data-id=\"545daf5\" data-element_type=\"column\">\n\t\t\t<div class=\"elementor-widget-wrap elementor-element-populated\">\n\t\t\t\t\t\t<div class=\"elementor-element elementor-element-b0fa06a elementor-widget elementor-widget-image\" data-id=\"b0fa06a\" data-element_type=\"widget\" data-widget_type=\"image.default\">\n\t\t\t\t<div class=\"elementor-widget-container\">\n\t\t\t\t\t\t\t\t\t\t\t\t\t<img fetchpriority=\"high\" decoding=\"async\" width=\"800\" height=\"450\" src=\"https:\/\/molinosvesga.com\/wp-content\/uploads\/2024\/02\/transporte-molinos-vesga-1024x576.png\" class=\"attachment-large size-large wp-image-747\" alt=\"transporte molinos vesga\" srcset=\"https:\/\/molinosvesga.com\/wp-content\/uploads\/2024\/02\/transporte-molinos-vesga-1024x576.png 1024w, https:\/\/molinosvesga.com\/wp-content\/uploads\/2024\/02\/transporte-molinos-vesga-300x169.png 300w, https:\/\/molinosvesga.com\/wp-content\/uploads\/2024\/02\/transporte-molinos-vesga-768x432.png 768w, https:\/\/molinosvesga.com\/wp-content\/uploads\/2024\/02\/transporte-molinos-vesga-1536x864.png 1536w, https:\/\/molinosvesga.com\/wp-content\/uploads\/2024\/02\/transporte-molinos-vesga-18x10.png 18w, https:\/\/molinosvesga.com\/wp-content\/uploads\/2024\/02\/transporte-molinos-vesga.png 1920w\" sizes=\"(max-width: 800px) 100vw, 800px\" \/>\t\t\t\t\t\t\t\t\t\t\t\t\t<\/div>\n\t\t\t\t<\/div>\n\t\t\t\t<div class=\"elementor-element elementor-element-e4b5913 elementor-widget elementor-widget-image\" data-id=\"e4b5913\" data-element_type=\"widget\" data-widget_type=\"image.default\">\n\t\t\t\t<div class=\"elementor-widget-container\">\n\t\t\t\t\t\t\t\t\t\t\t\t\t<img decoding=\"async\" width=\"538\" height=\"153\" src=\"https:\/\/molinosvesga.com\/wp-content\/uploads\/2024\/02\/sellos-transporte-molinos-vesga.png\" class=\"attachment-large size-large wp-image-748\" alt=\"\" srcset=\"https:\/\/molinosvesga.com\/wp-content\/uploads\/2024\/02\/sellos-transporte-molinos-vesga.png 538w, https:\/\/molinosvesga.com\/wp-content\/uploads\/2024\/02\/sellos-transporte-molinos-vesga-300x85.png 300w, https:\/\/molinosvesga.com\/wp-content\/uploads\/2024\/02\/sellos-transporte-molinos-vesga-18x5.png 18w\" sizes=\"(max-width: 538px) 100vw, 538px\" \/>\t\t\t\t\t\t\t\t\t\t\t\t\t<\/div>\n\t\t\t\t<\/div>\n\t\t\t\t\t<\/div>\n\t\t<\/div>\n\t\t\t\t<div class=\"elementor-column elementor-col-50 elementor-top-column elementor-element elementor-element-aa9ba39\" data-id=\"aa9ba39\" data-element_type=\"column\" data-settings=\"{&quot;background_background&quot;:&quot;classic&quot;}\">\n\t\t\t<div class=\"elementor-widget-wrap elementor-element-populated\">\n\t\t\t\t\t\t<div class=\"elementor-element elementor-element-ab7b9b8 elementor-widget elementor-widget-text-editor\" data-id=\"ab7b9b8\" data-element_type=\"widget\" data-widget_type=\"text-editor.default\">\n\t\t\t\t<div class=\"elementor-widget-container\">\n\t\t\t\t\t\t\t<p>En el coraz\u00f3n de nuestra operaci\u00f3n, nuestra flota de transporte se destaca por la eficiencia log\u00edstica que garantiza la entrega oportuna de nuestros productos a una extensa red de m\u00e1s de 1200 clientes en todo el territorio colombiano.<\/p><p>Contamos con una flota robusta compuesta por 8 mulas y camiones propios, incorporando 5 veh\u00edculos con tecnolog\u00eda de norma Euro 5 para una gesti\u00f3n ambientalmente responsable. Colaboramos con m\u00e1s de 12 camiones externos que prestan servicios de transporte de arroz.<\/p><p>Nuestra log\u00edstica se ve respaldada por un sistema de monitoreo GPS en tiempo real con la compa\u00f1\u00eda Satrack, permiti\u00e9ndonos rastrear cada veh\u00edculo y garantizar la seguridad y eficiencia en toda la cadena de suministro. Con Vesga Transporte, nos comprometemos a superar las expectativas de nuestros clientes, asegurando la entrega puntual y segura de nuestros productos en cada rinc\u00f3n del pa\u00eds.<\/p>\t\t\t\t\t\t<\/div>\n\t\t\t\t<\/div>\n\t\t\t\t\t<\/div>\n\t\t<\/div>\n\t\t\t\t\t<\/div>\n\t\t<\/section>\n\t\t\t\t<section class=\"elementor-section elementor-top-section elementor-element elementor-element-4d47b85 elementor-section-height-min-height elementor-section-content-middle elementor-section-boxed elementor-section-height-default elementor-section-items-middle\" data-id=\"4d47b85\" data-element_type=\"section\" data-settings=\"{&quot;background_background&quot;:&quot;classic&quot;}\">\n\t\t\t\t\t\t\t<div class=\"elementor-background-overlay\"><\/div>\n\t\t\t\t\t\t\t<div class=\"elementor-container elementor-column-gap-default\">\n\t\t\t\t\t<div class=\"elementor-column elementor-col-50 elementor-top-column elementor-element elementor-element-b9db94d\" data-id=\"b9db94d\" data-element_type=\"column\">\n\t\t\t<div class=\"elementor-widget-wrap elementor-element-populated\">\n\t\t\t\t\t\t<div class=\"elementor-element elementor-element-95f1707 elementor-widget elementor-widget-heading\" data-id=\"95f1707\" data-element_type=\"widget\" data-widget_type=\"heading.default\">\n\t\t\t\t<div class=\"elementor-widget-container\">\n\t\t\t<h2 class=\"elementor-heading-title elementor-size-default\">PRESENCIA NACIONAL\nDONDE TRANSPORTAMOS<\/h2>\t\t<\/div>\n\t\t\t\t<\/div>\n\t\t\t\t<div class=\"elementor-element elementor-element-d5ce06f elementor-widget elementor-widget-text-editor\" data-id=\"d5ce06f\" data-element_type=\"widget\" data-widget_type=\"text-editor.default\">\n\t\t\t\t<div class=\"elementor-widget-container\">\n\t\t\t\t\t\t\t<p>Molinos Vesga tiene presencia en 17 departamentos de Colombia. Entre las cuales se encuentran los siguientes departamentos:<\/p><p><strong>Regi\u00f3n Andina:<br \/><\/strong>Antioquia, Boyac\u00e1, Caldas,<br \/>Cundinamarca, Norte de Santander,<br \/>Santander, Valle del Cauca.<\/p><p><strong>Regi\u00f3n Caribe:<\/strong><br \/>Atl\u00e1ntico, Bol\u00edvar, Cesar, C\u00f3rdoba,<br \/>Guajira, Magdalena y Sucre.<\/p><p><strong>Otras regiones:<\/strong><br \/>Arauca, Casanare y Meta, Caquet\u00e1.<\/p>\t\t\t\t\t\t<\/div>\n\t\t\t\t<\/div>\n\t\t\t\t\t<\/div>\n\t\t<\/div>\n\t\t\t\t<div class=\"elementor-column elementor-col-50 elementor-top-column elementor-element elementor-element-0675f60\" data-id=\"0675f60\" data-element_type=\"column\">\n\t\t\t<div class=\"elementor-widget-wrap elementor-element-populated\">\n\t\t\t\t\t\t<div class=\"elementor-element elementor-element-db6a299 elementor-widget elementor-widget-image\" data-id=\"db6a299\" data-element_type=\"widget\" data-widget_type=\"image.default\">\n\t\t\t\t<div class=\"elementor-widget-container\">\n\t\t\t\t\t\t\t\t\t\t\t\t\t<img decoding=\"async\" width=\"461\" height=\"636\" src=\"https:\/\/molinosvesga.com\/wp-content\/uploads\/2024\/02\/mapa-presencia-molinos-vesga.png\" class=\"attachment-full size-full wp-image-769\" alt=\"\" srcset=\"https:\/\/molinosvesga.com\/wp-content\/uploads\/2024\/02\/mapa-presencia-molinos-vesga.png 461w, https:\/\/molinosvesga.com\/wp-content\/uploads\/2024\/02\/mapa-presencia-molinos-vesga-217x300.png 217w, https:\/\/molinosvesga.com\/wp-content\/uploads\/2024\/02\/mapa-presencia-molinos-vesga-9x12.png 9w\" sizes=\"(max-width: 461px) 100vw, 461px\" \/>\t\t\t\t\t\t\t\t\t\t\t\t\t<\/div>\n\t\t\t\t<\/div>\n\t\t\t\t\t<\/div>\n\t\t<\/div>\n\t\t\t\t\t<\/div>\n\t\t<\/section>\n\t\t\t\t<section class=\"elementor-section elementor-top-section elementor-element elementor-element-574fc44 elementor-section-full_width elementor-section-content-bottom elementor-section-height-default elementor-section-height-default\" data-id=\"574fc44\" data-element_type=\"section\">\n\t\t\t\t\t\t<div class=\"elementor-container elementor-column-gap-no\">\n\t\t\t\t\t<div class=\"elementor-column elementor-col-33 elementor-top-column elementor-element elementor-element-b0ba6c8\" data-id=\"b0ba6c8\" data-element_type=\"column\" data-settings=\"{&quot;background_background&quot;:&quot;classic&quot;}\">\n\t\t\t<div class=\"elementor-widget-wrap elementor-element-populated\">\n\t\t\t\t\t\t<section class=\"elementor-section elementor-inner-section elementor-element elementor-element-c5a5ac4 elementor-section-height-min-height elementor-section-boxed elementor-section-height-default\" data-id=\"c5a5ac4\" data-element_type=\"section\">\n\t\t\t\t\t\t<div class=\"elementor-container elementor-column-gap-default\">\n\t\t\t\t\t<div class=\"elementor-column elementor-col-100 elementor-inner-column elementor-element elementor-element-12b4e4c\" data-id=\"12b4e4c\" data-element_type=\"column\">\n\t\t\t<div class=\"elementor-widget-wrap elementor-element-populated\">\n\t\t\t\t\t\t<div class=\"elementor-element elementor-element-7af8349 elementor-flip-box--effect-fade elementor-widget elementor-widget-flip-box\" data-id=\"7af8349\" data-element_type=\"widget\" data-widget_type=\"flip-box.default\">\n\t\t\t\t<div class=\"elementor-widget-container\">\n\t\t\t\t\t<div class=\"elementor-flip-box\" tabindex=\"0\">\n\t\t\t<div class=\"elementor-flip-box__layer elementor-flip-box__front\">\n\t\t\t\t<div class=\"elementor-flip-box__layer__overlay\">\n\t\t\t\t\t<div class=\"elementor-flip-box__layer__inner\">\n\t\t\t\t\t\t\t\t\t\t\t\t\t<div class=\"elementor-flip-box__image\">\n\t\t\t\t\t\t\t\t<img loading=\"lazy\" decoding=\"async\" width=\"1074\" height=\"1920\" src=\"https:\/\/molinosvesga.com\/wp-content\/uploads\/2024\/02\/icon-vesga-alimentos-negativo.png\" class=\"attachment-full size-full wp-image-380\" alt=\"icon vesga alimentos negativo\" srcset=\"https:\/\/molinosvesga.com\/wp-content\/uploads\/2024\/02\/icon-vesga-alimentos-negativo.png 1074w, https:\/\/molinosvesga.com\/wp-content\/uploads\/2024\/02\/icon-vesga-alimentos-negativo-168x300.png 168w, https:\/\/molinosvesga.com\/wp-content\/uploads\/2024\/02\/icon-vesga-alimentos-negativo-573x1024.png 573w, https:\/\/molinosvesga.com\/wp-content\/uploads\/2024\/02\/icon-vesga-alimentos-negativo-768x1373.png 768w, https:\/\/molinosvesga.com\/wp-content\/uploads\/2024\/02\/icon-vesga-alimentos-negativo-859x1536.png 859w\" sizes=\"(max-width: 1074px) 100vw, 1074px\" \/>\t\t\t\t\t\t\t<\/div>\n\t\t\t\t\t\t\n\t\t\t\t\t\t\t\t\t\t\t\t\t<h3 class=\"elementor-flip-box__layer__title\">\n\t\t\t\t\t\t\t\tAlimentos\t\t\t\t\t\t\t<\/h3>\n\t\t\t\t\t\t\n\t\t\t\t\t\t\t\t\t\t\t<\/div>\n\t\t\t\t<\/div>\n\t\t\t<\/div>\n\t\t\t<div class=\"elementor-flip-box__layer elementor-flip-box__back\">\n\t\t\t<div class=\"elementor-flip-box__layer__overlay\">\n\t\t\t\t<div class=\"elementor-flip-box__layer__inner\">\n\t\t\t\t\t\n\t\t\t\t\t\t\t\t\t\t\t<div class=\"elementor-flip-box__layer__description\">\n\t\t\t\t\t\t\tSomos una empresa colombiana especializada en la producci\u00f3n y venta de arroz de alta calidad, comprometida con nuestro equipo de trabajo y los agricultores del pa\u00eds.\t\t\t\t\t\t<\/div>\n\t\t\t\t\t\n\t\t\t\t\t\t\t\t\t\t\t<a class=\"elementor-flip-box__button elementor-button elementor-size-lg\" href=\"https:\/\/molinosvesga.com\/en\/vesga-transporte\/\">\n\t\t\t\t\t\t\tVer m\u00e1s\t\t\t\t\t\t<\/a>\n\t\t\t\t\t\t\t\t<\/div>\n\t\t<\/div>\n\t\t<\/div>\n\t\t<\/div>\n\t\t\t\t<\/div>\n\t\t\t\t<\/div>\n\t\t\t\t\t<\/div>\n\t\t<\/div>\n\t\t\t\t\t<\/div>\n\t\t<\/section>\n\t\t\t\t\t<\/div>\n\t\t<\/div>\n\t\t\t\t<div class=\"elementor-column elementor-col-33 elementor-top-column elementor-element elementor-element-85d6a70\" data-id=\"85d6a70\" data-element_type=\"column\" data-settings=\"{&quot;background_background&quot;:&quot;classic&quot;}\">\n\t\t\t<div class=\"elementor-widget-wrap elementor-element-populated\">\n\t\t\t\t\t<div class=\"elementor-background-overlay\"><\/div>\n\t\t\t\t\t\t<div class=\"elementor-element elementor-element-519a278 elementor-widget elementor-widget-heading\" data-id=\"519a278\" data-element_type=\"widget\" data-widget_type=\"heading.default\">\n\t\t\t\t<div class=\"elementor-widget-container\">\n\t\t\t<h2 class=\"elementor-heading-title elementor-size-default\">\u00bfEres agricultor? Te ayudamos con cr\u00e9dito <\/h2>\t\t<\/div>\n\t\t\t\t<\/div>\n\t\t\t\t<div class=\"elementor-element elementor-element-17354b8 elementor-align-center elementor-widget elementor-widget-button\" data-id=\"17354b8\" data-element_type=\"widget\" data-widget_type=\"button.default\">\n\t\t\t\t<div class=\"elementor-widget-container\">\n\t\t\t\t\t\t\t<div class=\"elementor-button-wrapper\">\n\t\t\t\t\t<a class=\"elementor-button elementor-button-link elementor-size-sm\" href=\"http:\/\/wa.me\/+573105131537\">\n\t\t\t\t\t\t<span class=\"elementor-button-content-wrapper\">\n\t\t\t\t\t\t\t\t\t<span class=\"elementor-button-text\">Cont\u00e1ctanos<\/span>\n\t\t\t\t\t<\/span>\n\t\t\t\t\t<\/a>\n\t\t\t\t<\/div>\n\t\t\t\t\t\t<\/div>\n\t\t\t\t<\/div>\n\t\t\t\t\t<\/div>\n\t\t<\/div>\n\t\t\t\t<div class=\"elementor-column elementor-col-33 elementor-top-column elementor-element elementor-element-a8a5cdd\" data-id=\"a8a5cdd\" data-element_type=\"column\" data-settings=\"{&quot;background_background&quot;:&quot;classic&quot;}\">\n\t\t\t<div class=\"elementor-widget-wrap elementor-element-populated\">\n\t\t\t\t\t\t<div class=\"elementor-element elementor-element-72f92d9 elementor-flip-box--effect-fade elementor-widget elementor-widget-flip-box\" data-id=\"72f92d9\" data-element_type=\"widget\" data-widget_type=\"flip-box.default\">\n\t\t\t\t<div class=\"elementor-widget-container\">\n\t\t\t\t\t<div class=\"elementor-flip-box\" tabindex=\"0\">\n\t\t\t<div class=\"elementor-flip-box__layer elementor-flip-box__front\">\n\t\t\t\t<div class=\"elementor-flip-box__layer__overlay\">\n\t\t\t\t\t<div class=\"elementor-flip-box__layer__inner\">\n\t\t\t\t\t\t\t\t\t\t\t\t\t<div class=\"elementor-flip-box__image\">\n\t\t\t\t\t\t\t\t<img loading=\"lazy\" decoding=\"async\" width=\"1074\" height=\"1920\" src=\"https:\/\/molinosvesga.com\/wp-content\/uploads\/2024\/02\/icon-vesga-agricola-negativo.png\" class=\"attachment-full size-full wp-image-379\" alt=\"Molinos Vesga Agr\u00edcola\" srcset=\"https:\/\/molinosvesga.com\/wp-content\/uploads\/2024\/02\/icon-vesga-agricola-negativo.png 1074w, https:\/\/molinosvesga.com\/wp-content\/uploads\/2024\/02\/icon-vesga-agricola-negativo-168x300.png 168w, https:\/\/molinosvesga.com\/wp-content\/uploads\/2024\/02\/icon-vesga-agricola-negativo-573x1024.png 573w, https:\/\/molinosvesga.com\/wp-content\/uploads\/2024\/02\/icon-vesga-agricola-negativo-768x1373.png 768w, https:\/\/molinosvesga.com\/wp-content\/uploads\/2024\/02\/icon-vesga-agricola-negativo-859x1536.png 859w\" sizes=\"(max-width: 1074px) 100vw, 1074px\" \/>\t\t\t\t\t\t\t<\/div>\n\t\t\t\t\t\t\n\t\t\t\t\t\t\t\t\t\t\t\t\t<h3 class=\"elementor-flip-box__layer__title\">\n\t\t\t\t\t\t\t\tAgr\u00edcola\t\t\t\t\t\t\t<\/h3>\n\t\t\t\t\t\t\n\t\t\t\t\t\t\t\t\t\t\t<\/div>\n\t\t\t\t<\/div>\n\t\t\t<\/div>\n\t\t\t<div class=\"elementor-flip-box__layer elementor-flip-box__back\">\n\t\t\t<div class=\"elementor-flip-box__layer__overlay\">\n\t\t\t\t<div class=\"elementor-flip-box__layer__inner\">\n\t\t\t\t\t\n\t\t\t\t\t\t\t\t\t\t\t<div class=\"elementor-flip-box__layer__description\">\n\t\t\t\t\t\t\tNos especializamos en la comercializaci\u00f3n de insumos esenciales para el sector agr\u00edcola, proporcionando a nuestros agricultores colaboradores una gama completa de productos agroqu\u00edmicos. Desde abonos, semillas, herbicidas hasta fungicidas, nos aseguramos de ofrecer soluciones integrales para el desarrollo de sus cultivos. \n\t\t\t\t\t\t<\/div>\n\t\t\t\t\t\n\t\t\t\t\t\t\t\t\t\t\t<a class=\"elementor-flip-box__button elementor-button elementor-size-lg\" href=\"https:\/\/molinosvesga.com\/en\/vesga-agricola\/\">\n\t\t\t\t\t\t\tVer m\u00e1s\t\t\t\t\t\t<\/a>\n\t\t\t\t\t\t\t\t<\/div>\n\t\t<\/div>\n\t\t<\/div>\n\t\t<\/div>\n\t\t\t\t<\/div>\n\t\t\t\t<\/div>\n\t\t\t\t\t<\/div>\n\t\t<\/div>\n\t\t\t\t\t<\/div>\n\t\t<\/section>\n\t\t\t\t<\/div>","protected":false},"excerpt":{"rendered":"<p>En el coraz\u00f3n de nuestra operaci\u00f3n, nuestra flota de transporte se destaca por la eficiencia log\u00edstica que garantiza la entrega oportuna de nuestros productos a una extensa red de m\u00e1s de 1200 clientes en todo el territorio colombiano. Contamos con una flota robusta compuesta por 8 mulas y camiones propios, incorporando 5 veh\u00edculos con tecnolog\u00eda [&hellip;]<\/p>","protected":false},"author":1,"featured_media":0,"parent":0,"menu_order":0,"comment_status":"closed","ping_status":"closed","template":"","meta":{"footnotes":""},"yst_prominent_words":[],"_links":{"self":[{"href":"https:\/\/molinosvesga.com\/en\/wp-json\/wp\/v2\/pages\/542"}],"collection":[{"href":"https:\/\/molinosvesga.com\/en\/wp-json\/wp\/v2\/pages"}],"about":[{"href":"https:\/\/molinosvesga.com\/en\/wp-json\/wp\/v2\/types\/page"}],"author":[{"embeddable":true,"href":"https:\/\/molinosvesga.com\/en\/wp-json\/wp\/v2\/users\/1"}],"replies":[{"embeddable":true,"href":"https:\/\/molinosvesga.com\/en\/wp-json\/wp\/v2\/comments?post=542"}],"version-history":[{"count":10,"href":"https:\/\/molinosvesga.com\/en\/wp-json\/wp\/v2\/pages\/542\/revisions"}],"predecessor-version":[{"id":772,"href":"https:\/\/molinosvesga.com\/en\/wp-json\/wp\/v2\/pages\/542\/revisions\/772"}],"wp:attachment":[{"href":"https:\/\/molinosvesga.com\/en\/wp-json\/wp\/v2\/media?parent=542"}],"wp:term":[{"taxonomy":"yst_prominent_words","embeddable":true,"href":"https:\/\/molinosvesga.com\/en\/wp-json\/wp\/v2\/yst_prominent_words?post=542"}],"curies":[{"name":"wp","href":"https:\/\/api.w.org\/{rel}","templated":true}]}}